{"id":23,"date":"2025-09-17T19:11:07","date_gmt":"2025-09-17T19:11:07","guid":{"rendered":"https:\/\/festiworldgroup.com\/?page_id=23"},"modified":"2026-02-06T14:33:55","modified_gmt":"2026-02-06T14:33:55","slug":"bienvenue-sur-festi-world-group","status":"publish","type":"page","link":"https:\/\/festiworldgroup.com\/","title":{"rendered":"\ud83c\udf89 Bienvenue au sein de Festi World Group"},"content":{"rendered":"\n<p><strong>Festi World Group<\/strong> est un groupe fran\u00e7ais ind\u00e9pendant sp\u00e9cialis\u00e9 dans l\u2019univers de la f\u00eate, de l\u2019\u00e9v\u00e9nementiel et de la pyrotechnie.<br>\u00c0 travers ses diff\u00e9rentes enseignes compl\u00e9mentaires, le groupe con\u00e7oit, distribue et met en \u0153uvre des solutions festives \u00e0 destination des particuliers, des professionnels, des collectivit\u00e9s et des organisateurs d\u2019\u00e9v\u00e9nements.<\/p>\n\n\n\n<p>Fort d\u2019une implantation locale solide et d\u2019une organisation structur\u00e9e, Festi World Group s\u2019appuie sur des \u00e9quipes exp\u00e9riment\u00e9es, une parfaite ma\u00eetrise des contraintes r\u00e9glementaires et logistiques, ainsi qu\u2019une vision globale du secteur de la f\u00eate.<br>Chaque enseigne du groupe r\u00e9pond \u00e0 un besoin pr\u00e9cis, tout en partageant des valeurs communes : <strong>qualit\u00e9, s\u00e9curit\u00e9, proximit\u00e9 et passion<\/strong>.<\/p>\n\n\n\n<h2 class=\"wp-block-heading has-text-align-center\">\ud83c\udfec Les enseignes du groupe<\/h2>\n\n\n<div class=\"wp-block-image\">\n<figure class=\"aligncenter size-full is-resized\"><img loading=\"lazy\" decoding=\"async\" width=\"350\" height=\"64\" src=\"http:\/\/festiworldgroup.com\/wp-content\/uploads\/2026\/02\/luxury-gold-line-free-png.png\" alt=\"\" class=\"wp-image-55\" style=\"width:295px;height:auto\" srcset=\"https:\/\/festiworldgroup.com\/wp-content\/uploads\/2026\/02\/luxury-gold-line-free-png.png 350w, https:\/\/festiworldgroup.com\/wp-content\/uploads\/2026\/02\/luxury-gold-line-free-png-300x55.png 300w\" sizes=\"auto, (max-width: 350px) 100vw, 350px\" \/><\/figure>\n<\/div>\n\n\n<div class=\"wp-block-group\"><div class=\"wp-block-group__inner-container is-layout-constrained wp-block-group-is-layout-constrained\">\n<div class=\"wp-block-columns is-layout-flex wp-container-core-columns-is-layout-9d6595d7 wp-block-columns-is-layout-flex\">\n<div class=\"wp-block-column is-layout-flow wp-block-column-is-layout-flow\"><div class=\"wp-block-image\">\n<figure class=\"aligncenter size-full is-resized\"><img loading=\"lazy\" decoding=\"async\" width=\"878\" height=\"669\" src=\"http:\/\/festiworldgroup.com\/wp-content\/uploads\/2026\/02\/bc9cffcc-bd8a-43cb-ac1b-6758fcf4666c-1.png\" alt=\"\" class=\"wp-image-43\" style=\"aspect-ratio:1.3124074622445958;width:312px;height:auto\" srcset=\"https:\/\/festiworldgroup.com\/wp-content\/uploads\/2026\/02\/bc9cffcc-bd8a-43cb-ac1b-6758fcf4666c-1.png 878w, https:\/\/festiworldgroup.com\/wp-content\/uploads\/2026\/02\/bc9cffcc-bd8a-43cb-ac1b-6758fcf4666c-1-300x229.png 300w, https:\/\/festiworldgroup.com\/wp-content\/uploads\/2026\/02\/bc9cffcc-bd8a-43cb-ac1b-6758fcf4666c-1-768x585.png 768w\" sizes=\"auto, (max-width: 878px) 100vw, 878px\" \/><\/figure>\n<\/div><\/div>\n\n\n\n<div class=\"wp-block-column is-layout-flow wp-block-column-is-layout-flow\">\n<p>\ud83c\udf88 <strong>Party F\u00eate<\/strong><\/p>\n\n\n\n<p>Enseigne historique du groupe, <strong>Party F\u00eate<\/strong> est sp\u00e9cialis\u00e9e dans la vente d\u2019articles de f\u00eate pour toutes les occasions :<br>anniversaires, mariages, f\u00eates calendaires, \u00e9v\u00e9nements priv\u00e9s et professionnels.<\/p>\n\n\n\n<p>D\u00e9corations, vaisselle jetable, cotillons, accessoires, d\u00e9guisements et id\u00e9es festives composent une offre large, accessible et r\u00e9guli\u00e8rement renouvel\u00e9e.<\/p>\n\n\n\n<p>\ud83d\udc49 Boutique physique &amp; e-commerce : <strong><a>www.partyfete.fr<\/a><\/strong><br><\/p>\n<\/div>\n<\/div>\n<\/div><\/div>\n\n\n<div class=\"wp-block-image\">\n<figure class=\"aligncenter size-full is-resized\"><img loading=\"lazy\" decoding=\"async\" width=\"350\" height=\"64\" src=\"http:\/\/festiworldgroup.com\/wp-content\/uploads\/2026\/02\/luxury-gold-line-free-png.png\" alt=\"\" class=\"wp-image-55\" style=\"width:295px;height:auto\" srcset=\"https:\/\/festiworldgroup.com\/wp-content\/uploads\/2026\/02\/luxury-gold-line-free-png.png 350w, https:\/\/festiworldgroup.com\/wp-content\/uploads\/2026\/02\/luxury-gold-line-free-png-300x55.png 300w\" sizes=\"auto, (max-width: 350px) 100vw, 350px\" \/><\/figure>\n<\/div>\n\n\n<div class=\"wp-block-columns is-layout-flex wp-container-core-columns-is-layout-9d6595d7 wp-block-columns-is-layout-flex\">\n<div class=\"wp-block-column is-layout-flow wp-block-column-is-layout-flow\">\n<p>\ud83c\udf86 <strong>La Boutique de l\u2019Artificier<\/strong><\/p>\n\n\n\n<p><strong>La Boutique de l\u2019Artificier<\/strong> est une enseigne de r\u00e9f\u00e9rence dans la vente de feux d\u2019artifice aux particuliers.<br>Elle propose une large s\u00e9lection de produits pyrotechniques rigoureusement choisis, conformes \u00e0 la r\u00e9glementation fran\u00e7aise, accompagn\u00e9s de conseils professionnels et d\u2019un service client sp\u00e9cialis\u00e9.<\/p>\n\n\n\n<p>L\u2019enseigne se distingue par des offres attractives, une logistique ma\u00eetris\u00e9e et une expertise reconnue dans le domaine de l\u2019artifice.<\/p>\n\n\n\n<p>\ud83d\udc49 Site officiel : <strong><a href=\"http:\/\/www.laboutiquedelartificier.fr\" data-type=\"link\" data-id=\"www.laboutiquedelartificier.fr\">www.laboutiquedelartificier.fr<\/a><\/strong><br><\/p>\n<\/div>\n\n\n\n<div class=\"wp-block-column is-layout-flow wp-block-column-is-layout-flow\"><div class=\"wp-block-image\">\n<figure class=\"aligncenter size-full\"><img loading=\"lazy\" decoding=\"async\" width=\"1365\" height=\"1024\" src=\"http:\/\/festiworldgroup.com\/wp-content\/uploads\/2026\/02\/a5c55898-c305-447f-87c9-c50094651fef1-edited.png\" alt=\"\" class=\"wp-image-53\" style=\"aspect-ratio:1.156525899186709\" srcset=\"https:\/\/festiworldgroup.com\/wp-content\/uploads\/2026\/02\/a5c55898-c305-447f-87c9-c50094651fef1-edited.png 1365w, https:\/\/festiworldgroup.com\/wp-content\/uploads\/2026\/02\/a5c55898-c305-447f-87c9-c50094651fef1-edited-300x225.png 300w, https:\/\/festiworldgroup.com\/wp-content\/uploads\/2026\/02\/a5c55898-c305-447f-87c9-c50094651fef1-edited-1024x768.png 1024w, https:\/\/festiworldgroup.com\/wp-content\/uploads\/2026\/02\/a5c55898-c305-447f-87c9-c50094651fef1-edited-768x576.png 768w\" sizes=\"auto, (max-width: 1365px) 100vw, 1365px\" \/><\/figure>\n<\/div><\/div>\n<\/div>\n\n\n<div class=\"wp-block-image\">\n<figure class=\"aligncenter size-full is-resized\"><img loading=\"lazy\" decoding=\"async\" width=\"350\" height=\"64\" src=\"http:\/\/festiworldgroup.com\/wp-content\/uploads\/2026\/02\/luxury-gold-line-free-png.png\" alt=\"\" class=\"wp-image-55\" style=\"width:295px;height:auto\" srcset=\"https:\/\/festiworldgroup.com\/wp-content\/uploads\/2026\/02\/luxury-gold-line-free-png.png 350w, https:\/\/festiworldgroup.com\/wp-content\/uploads\/2026\/02\/luxury-gold-line-free-png-300x55.png 300w\" sizes=\"auto, (max-width: 350px) 100vw, 350px\" \/><\/figure>\n<\/div>\n\n\n<div class=\"wp-block-columns is-layout-flex wp-container-core-columns-is-layout-9d6595d7 wp-block-columns-is-layout-flex\">\n<div class=\"wp-block-column is-layout-flow wp-block-column-is-layout-flow\"><div class=\"wp-block-image\">\n<figure class=\"aligncenter size-full is-resized\"><img loading=\"lazy\" decoding=\"async\" width=\"878\" height=\"724\" src=\"http:\/\/festiworldgroup.com\/wp-content\/uploads\/2026\/02\/287b3e2d-018f-4d57-bc79-1761b76e1f54.png\" alt=\"\" class=\"wp-image-37\" style=\"aspect-ratio:1.2127514023806267;width:293px;height:auto\" srcset=\"https:\/\/festiworldgroup.com\/wp-content\/uploads\/2026\/02\/287b3e2d-018f-4d57-bc79-1761b76e1f54.png 878w, https:\/\/festiworldgroup.com\/wp-content\/uploads\/2026\/02\/287b3e2d-018f-4d57-bc79-1761b76e1f54-300x247.png 300w, https:\/\/festiworldgroup.com\/wp-content\/uploads\/2026\/02\/287b3e2d-018f-4d57-bc79-1761b76e1f54-768x633.png 768w\" sizes=\"auto, (max-width: 878px) 100vw, 878px\" \/><\/figure>\n<\/div><\/div>\n\n\n\n<div class=\"wp-block-column is-layout-flow wp-block-column-is-layout-flow\">\n<p>\ud83c\udf6d <strong>La Bo\u00eete \u00e0 Bonb\u2019z<\/strong><br><strong>La Bo\u00eete \u00e0 Bonb\u2019z<\/strong> incarne l\u2019univers de la gourmandise festive.<br>Sp\u00e9cialis\u00e9e dans les confiseries et bonbons en vrac, elle s\u2019adresse aussi bien aux particuliers qu\u2019aux professionnels de l\u2019\u00e9v\u00e9nementiel, avec une offre color\u00e9e, conviviale et adapt\u00e9e \u00e0 toutes les g\u00e9n\u00e9rations.<\/p>\n<\/div>\n<\/div>\n\n\n<div class=\"wp-block-image\">\n<figure class=\"aligncenter size-full is-resized\"><img loading=\"lazy\" decoding=\"async\" width=\"350\" height=\"64\" src=\"http:\/\/festiworldgroup.com\/wp-content\/uploads\/2026\/02\/luxury-gold-line-free-png.png\" alt=\"\" class=\"wp-image-55\" style=\"width:295px;height:auto\" srcset=\"https:\/\/festiworldgroup.com\/wp-content\/uploads\/2026\/02\/luxury-gold-line-free-png.png 350w, https:\/\/festiworldgroup.com\/wp-content\/uploads\/2026\/02\/luxury-gold-line-free-png-300x55.png 300w\" sizes=\"auto, (max-width: 350px) 100vw, 350px\" \/><\/figure>\n<\/div>\n\n\n<div class=\"wp-block-columns is-layout-flex wp-container-core-columns-is-layout-9d6595d7 wp-block-columns-is-layout-flex\">\n<div class=\"wp-block-column is-layout-flow wp-block-column-is-layout-flow\">\n<p>\ud83c\udf87 <strong>Le Ciel de l\u2019Artificier<\/strong><br><strong>Le Ciel de l\u2019Artificier<\/strong> est d\u00e9di\u00e9 \u00e0 la conception et \u00e0 la r\u00e9alisation de <strong>spectacles pyrotechniques professionnels cl\u00e9s en main<\/strong>.<br>L\u2019enseigne accompagne les mairies, collectivit\u00e9s, entreprises et comit\u00e9s des f\u00eates dans la cr\u00e9ation de feux d\u2019artifice sur mesure, musicaux ou traditionnels.<\/p>\n\n\n\n<p>De la cr\u00e9ation artistique aux d\u00e9marches administratives, en passant par la s\u00e9curit\u00e9 et les assurances, chaque projet est pris en charge dans son int\u00e9gralit\u00e9.<\/p>\n\n\n\n<p>\ud83d\udc49 Site : <strong><a href=\"http:\/\/www.lecieldelartificier.fr\">www.lecieldelartificier.fr<\/a><\/strong><\/p>\n<\/div>\n\n\n\n<div class=\"wp-block-column is-layout-flow wp-block-column-is-layout-flow\"><div class=\"wp-block-image\">\n<figure class=\"aligncenter size-large\"><img loading=\"lazy\" decoding=\"async\" width=\"1024\" height=\"374\" src=\"http:\/\/festiworldgroup.com\/wp-content\/uploads\/2026\/02\/174f4dbc-3d22-4b7b-82a4-6fb19a1cca15-1024x374.png\" alt=\"\" class=\"wp-image-38\" srcset=\"https:\/\/festiworldgroup.com\/wp-content\/uploads\/2026\/02\/174f4dbc-3d22-4b7b-82a4-6fb19a1cca15-1024x374.png 1024w, https:\/\/festiworldgroup.com\/wp-content\/uploads\/2026\/02\/174f4dbc-3d22-4b7b-82a4-6fb19a1cca15-300x110.png 300w, https:\/\/festiworldgroup.com\/wp-content\/uploads\/2026\/02\/174f4dbc-3d22-4b7b-82a4-6fb19a1cca15-768x281.png 768w, https:\/\/festiworldgroup.com\/wp-content\/uploads\/2026\/02\/174f4dbc-3d22-4b7b-82a4-6fb19a1cca15.png 1083w\" sizes=\"auto, (max-width: 1024px) 100vw, 1024px\" \/><\/figure>\n<\/div><\/div>\n<\/div>\n\n\n<div class=\"wp-block-image\">\n<figure class=\"aligncenter size-full is-resized\"><img loading=\"lazy\" decoding=\"async\" width=\"350\" height=\"64\" src=\"http:\/\/festiworldgroup.com\/wp-content\/uploads\/2026\/02\/luxury-gold-line-free-png.png\" alt=\"\" class=\"wp-image-55\" style=\"width:295px;height:auto\" srcset=\"https:\/\/festiworldgroup.com\/wp-content\/uploads\/2026\/02\/luxury-gold-line-free-png.png 350w, https:\/\/festiworldgroup.com\/wp-content\/uploads\/2026\/02\/luxury-gold-line-free-png-300x55.png 300w\" sizes=\"auto, (max-width: 350px) 100vw, 350px\" \/><\/figure>\n<\/div>\n\n\n<div class=\"wp-block-columns is-layout-flex wp-container-core-columns-is-layout-9d6595d7 wp-block-columns-is-layout-flex\">\n<div class=\"wp-block-column is-layout-flow wp-block-column-is-layout-flow\"><div class=\"wp-block-image\">\n<figure class=\"aligncenter size-full is-resized\"><img loading=\"lazy\" decoding=\"async\" width=\"952\" height=\"718\" src=\"http:\/\/festiworldgroup.com\/wp-content\/uploads\/2026\/02\/37bf9e7b-0cb5-411a-b4d7-068c1c566e38-1.png\" alt=\"\" class=\"wp-image-45\" style=\"aspect-ratio:1.3259536275243082;width:335px;height:auto\" srcset=\"https:\/\/festiworldgroup.com\/wp-content\/uploads\/2026\/02\/37bf9e7b-0cb5-411a-b4d7-068c1c566e38-1.png 952w, https:\/\/festiworldgroup.com\/wp-content\/uploads\/2026\/02\/37bf9e7b-0cb5-411a-b4d7-068c1c566e38-1-300x226.png 300w, https:\/\/festiworldgroup.com\/wp-content\/uploads\/2026\/02\/37bf9e7b-0cb5-411a-b4d7-068c1c566e38-1-768x579.png 768w\" sizes=\"auto, (max-width: 952px) 100vw, 952px\" \/><\/figure>\n<\/div><\/div>\n\n\n\n<div class=\"wp-block-column is-layout-flow wp-block-column-is-layout-flow\">\n<p>\ud83c\udfed <strong>Fiesta Factory<\/strong><br><strong>Fiesta Factory<\/strong> est le p\u00f4le \u00e9v\u00e9nementiel et op\u00e9rationnel du groupe.<br>Elle regroupe les moyens techniques, humains et organisationnels n\u00e9cessaires au d\u00e9veloppement des activit\u00e9s festives \u00e0 grande \u00e9chelle, notamment lors des p\u00e9riodes \u00e0 fort volume comme No\u00ebl et le Nouvel An.<\/p>\n\n\n\n<p>\ud83d\udc49 Site officiel : <strong><a>www.fiestafactory.fr<\/a><\/strong><\/p>\n<\/div>\n<\/div>\n\n\n<div class=\"wp-block-image\">\n<figure class=\"aligncenter size-full is-resized\"><img loading=\"lazy\" decoding=\"async\" width=\"350\" height=\"64\" src=\"http:\/\/festiworldgroup.com\/wp-content\/uploads\/2026\/02\/luxury-gold-line-free-png.png\" alt=\"\" class=\"wp-image-55\" style=\"width:295px;height:auto\" srcset=\"https:\/\/festiworldgroup.com\/wp-content\/uploads\/2026\/02\/luxury-gold-line-free-png.png 350w, https:\/\/festiworldgroup.com\/wp-content\/uploads\/2026\/02\/luxury-gold-line-free-png-300x55.png 300w\" sizes=\"auto, (max-width: 350px) 100vw, 350px\" \/><\/figure>\n<\/div>\n\n\n<div class=\"wp-block-columns is-layout-flex wp-container-core-columns-is-layout-9d6595d7 wp-block-columns-is-layout-flex\">\n<div class=\"wp-block-column is-layout-flow wp-block-column-is-layout-flow\">\n<h3 class=\"wp-block-heading\">\ud83d\ude9a <strong>FWG Logistics Bourgogne<\/strong><\/h3>\n\n\n\n<p><strong>FWG Logistics Bourgogne<\/strong> est la plateforme logistique du groupe Festi World Group.<br>Elle assure le stockage, la pr\u00e9paration et l\u2019exp\u00e9dition des commandes pour l\u2019ensemble des enseignes, avec une capacit\u00e9 de traitement \u00e9lev\u00e9e et des process rigoureux.<\/p>\n\n\n\n<p>V\u00e9ritable colonne vert\u00e9brale du groupe, FWG Logistics Bourgogne garantit fiabilit\u00e9, r\u00e9activit\u00e9 et qualit\u00e9 de service, aussi bien pour les ventes en ligne que pour les besoins \u00e9v\u00e9nementiels sp\u00e9cifiques.<\/p>\n<\/div>\n\n\n\n<div class=\"wp-block-column is-layout-flow wp-block-column-is-layout-flow\"><div class=\"wp-block-image\">\n<figure class=\"aligncenter size-full is-resized\"><img loading=\"lazy\" decoding=\"async\" width=\"857\" height=\"451\" src=\"http:\/\/festiworldgroup.com\/wp-content\/uploads\/2026\/02\/33ca574d-1e68-4070-ab6e-190ab46a5b45-1.png\" alt=\"\" class=\"wp-image-46\" style=\"aspect-ratio:1.9002429612691154;width:329px;height:auto\" srcset=\"https:\/\/festiworldgroup.com\/wp-content\/uploads\/2026\/02\/33ca574d-1e68-4070-ab6e-190ab46a5b45-1.png 857w, https:\/\/festiworldgroup.com\/wp-content\/uploads\/2026\/02\/33ca574d-1e68-4070-ab6e-190ab46a5b45-1-300x158.png 300w, https:\/\/festiworldgroup.com\/wp-content\/uploads\/2026\/02\/33ca574d-1e68-4070-ab6e-190ab46a5b45-1-768x404.png 768w\" sizes=\"auto, (max-width: 857px) 100vw, 857px\" \/><\/figure>\n<\/div><\/div>\n<\/div>\n\n\n<div class=\"wp-block-image\">\n<figure class=\"aligncenter size-full is-resized\"><img loading=\"lazy\" decoding=\"async\" width=\"350\" height=\"64\" src=\"http:\/\/festiworldgroup.com\/wp-content\/uploads\/2026\/02\/luxury-gold-line-free-png.png\" alt=\"\" class=\"wp-image-55\" style=\"width:295px;height:auto\" srcset=\"https:\/\/festiworldgroup.com\/wp-content\/uploads\/2026\/02\/luxury-gold-line-free-png.png 350w, https:\/\/festiworldgroup.com\/wp-content\/uploads\/2026\/02\/luxury-gold-line-free-png-300x55.png 300w\" sizes=\"auto, (max-width: 350px) 100vw, 350px\" \/><\/figure>\n<\/div>\n\n\n<p><\/p>\n","protected":false},"excerpt":{"rendered":"<p>Festi World Group est un groupe fran\u00e7ais ind\u00e9pendant sp\u00e9cialis\u00e9 dans l\u2019univers de la f\u00eate, de l\u2019\u00e9v\u00e9nementiel et de la pyrotechnie.\u00c0 travers ses diff\u00e9rentes enseignes compl\u00e9mentaires, le groupe con\u00e7oit, distribue et met en \u0153uvre des solutions festives \u00e0 destination des particuliers, des professionnels, des collectivit\u00e9s et des organisateurs d\u2019\u00e9v\u00e9nements. Fort d\u2019une implantation locale solide et d\u2019une [&hellip;]<\/p>\n","protected":false},"author":1,"featured_media":0,"parent":0,"menu_order":0,"comment_status":"closed","ping_status":"closed","template":"","meta":{"footnotes":""},"class_list":["post-23","page","type-page","status-publish","hentry"],"_links":{"self":[{"href":"https:\/\/festiworldgroup.com\/index.php\/wp-json\/wp\/v2\/pages\/23","targetHints":{"allow":["GET"]}}],"collection":[{"href":"https:\/\/festiworldgroup.com\/index.php\/wp-json\/wp\/v2\/pages"}],"about":[{"href":"https:\/\/festiworldgroup.com\/index.php\/wp-json\/wp\/v2\/types\/page"}],"author":[{"embeddable":true,"href":"https:\/\/festiworldgroup.com\/index.php\/wp-json\/wp\/v2\/users\/1"}],"replies":[{"embeddable":true,"href":"https:\/\/festiworldgroup.com\/index.php\/wp-json\/wp\/v2\/comments?post=23"}],"version-history":[{"count":14,"href":"https:\/\/festiworldgroup.com\/index.php\/wp-json\/wp\/v2\/pages\/23\/revisions"}],"predecessor-version":[{"id":57,"href":"https:\/\/festiworldgroup.com\/index.php\/wp-json\/wp\/v2\/pages\/23\/revisions\/57"}],"wp:attachment":[{"href":"https:\/\/festiworldgroup.com\/index.php\/wp-json\/wp\/v2\/media?parent=23"}],"curies":[{"name":"wp","href":"https:\/\/api.w.org\/{rel}","templated":true}]}}